{"id":11,"date":"2013-04-29T13:15:09","date_gmt":"2013-04-29T10:15:09","guid":{"rendered":"http:\/\/www.luumaenyrittajat.fi\/w\/?page_id=11"},"modified":"2022-01-25T11:44:39","modified_gmt":"2022-01-25T09:44:39","slug":"hallitus","status":"publish","type":"page","link":"https:\/\/www.luumaenyrittajat.fi\/w\/hallitus\/","title":{"rendered":"Hallitus"},"content":{"rendered":"<p><!--?xml version=\"1.0\" encoding=\"UTF-8\" standalone=\"no\"?--><\/p>\n<h2>Hallitus 1.1.2021 alkaen<\/h2>\n<div>\n<p><strong>Veera Heikkil\u00e4<\/strong><br \/>\npuheenjohtaja<br \/>\np. 040 591 2325<br \/>\nveera.heikkila(at)luumaenisannointi.fi<br \/>\nLuum\u00e4en Is\u00e4nn\u00f6intipiste Oy<br \/>\nvaralla Sirkku Vattukumpu<\/p>\n<p><strong>Juha Saajoranta<br \/>\n<\/strong>varapuheenjohtaja<br \/>\np. 040 763 5920<br \/>\njuha.saajoranta(at)js-enviro.fi<br \/>\nJS Enviro Oy<br \/>\nvaralla Leena \u00c4ij\u00e4l\u00e4<\/p>\n<p><strong>Esa Taina\u00a0<\/strong><br \/>\nRahastonhoitaja<br \/>\np. 050 540 6180<br \/>\nesa.taina(at)cadetop.com<br \/>\nLuum\u00e4en ATK-asema<br \/>\nvaralla Sampo Munne<\/p>\n<p><strong>Mirva R\u00e4is\u00e4nen<br \/>\n<\/strong>sihteeri<strong><br \/>\n<\/strong>p. 045 861 0586<strong><br \/>\n<\/strong>mirva(at)mrtilit.fi<strong><br \/>\n<\/strong>MR tilit Oy<br \/>\nvaralla Janne Laine<\/p>\n<p><strong>Tomi Kunttu\u00a0<\/strong><br \/>\np. 050 368 6343<br \/>\nkunttutomi(at)gmail.com<br \/>\nTomi Kunttu Tmi<br \/>\nvaralla Joni Kainlauri<\/p>\n<\/div>\n<div>\n<p><b>Anne Hautala<\/b><br \/>\np. 0400 106 772<br \/>\nae.hautala@gmail.com<br \/>\nK\u00e4rkikuljetus Oy<br \/>\nvaralla Marjut Juntto<\/p>\n<p><strong><br \/>\n<\/strong><\/p>\n<p><strong>\u00a0<\/strong><\/p>\n<\/div>\n","protected":false},"excerpt":{"rendered":"<p>Hallitus 1.1.2021 alkaen Veera Heikkil\u00e4 puheenjohtaja p. 040 591 2325 veera.heikkila(at)luumaenisannointi.fi Luum\u00e4en Is\u00e4nn\u00f6intipiste Oy varalla Sirkku Vattukumpu Juha Saajoranta varapuheenjohtaja p. 040 763 5920 juha.saajoranta(at)js-enviro.fi JS Enviro Oy varalla Leena \u00c4ij\u00e4l\u00e4 Esa Taina\u00a0 Rahastonhoitaja p. 050 540 6180 esa.taina(at)cadetop.com Luum\u00e4en ATK-asema varalla Sampo Munne Mirva R\u00e4is\u00e4nen sihteeri p. 045 861 0586 mirva(at)mrtilit.fi MR tilit Oy&#8230;<\/p>\n","protected":false},"author":2,"featured_media":149,"parent":0,"menu_order":3,"comment_status":"closed","ping_status":"closed","template":"","meta":{"_kad_blocks_custom_css":"","_kad_blocks_head_custom_js":"","_kad_blocks_body_custom_js":"","_kad_blocks_footer_custom_js":"","_kad_post_transparent":"","_kad_post_title":"","_kad_post_layout":"","_kad_post_sidebar_id":"","_kad_post_content_style":"","_kad_post_vertical_padding":"","_kad_post_feature":"","_kad_post_feature_position":"","_kad_post_header":false,"_kad_post_footer":false,"_kad_post_classname":"","footnotes":""},"class_list":["post-11","page","type-page","status-publish","has-post-thumbnail","hentry"],"taxonomy_info":[],"featured_image_src_large":false,"author_info":{"display_name":"hallinta","author_link":"https:\/\/www.luumaenyrittajat.fi\/w\/author\/hallinta\/"},"comment_info":0,"_links":{"self":[{"href":"https:\/\/www.luumaenyrittajat.fi\/w\/wp-json\/wp\/v2\/pages\/11","targetHints":{"allow":["GET"]}}],"collection":[{"href":"https:\/\/www.luumaenyrittajat.fi\/w\/wp-json\/wp\/v2\/pages"}],"about":[{"href":"https:\/\/www.luumaenyrittajat.fi\/w\/wp-json\/wp\/v2\/types\/page"}],"author":[{"embeddable":true,"href":"https:\/\/www.luumaenyrittajat.fi\/w\/wp-json\/wp\/v2\/users\/2"}],"replies":[{"embeddable":true,"href":"https:\/\/www.luumaenyrittajat.fi\/w\/wp-json\/wp\/v2\/comments?post=11"}],"version-history":[{"count":21,"href":"https:\/\/www.luumaenyrittajat.fi\/w\/wp-json\/wp\/v2\/pages\/11\/revisions"}],"predecessor-version":[{"id":256,"href":"https:\/\/www.luumaenyrittajat.fi\/w\/wp-json\/wp\/v2\/pages\/11\/revisions\/256"}],"wp:featuredmedia":[{"embeddable":true,"href":"https:\/\/www.luumaenyrittajat.fi\/w\/wp-json\/"}],"wp:attachment":[{"href":"https:\/\/www.luumaenyrittajat.fi\/w\/wp-json\/wp\/v2\/media?parent=11"}],"curies":[{"name":"wp","href":"https:\/\/api.w.org\/{rel}","templated":true}]}}