{"id":13,"date":"2013-04-29T13:15:28","date_gmt":"2013-04-29T10:15:28","guid":{"rendered":"http:\/\/www.luumaenyrittajat.fi\/w\/?page_id=13"},"modified":"2022-01-25T11:45:11","modified_gmt":"2022-01-25T09:45:11","slug":"linkit-ja-yhteistyokumppanit","status":"publish","type":"page","link":"https:\/\/www.luumaenyrittajat.fi\/w\/linkit-ja-yhteistyokumppanit\/","title":{"rendered":"Linkit ja yhteisty\u00f6kumppanit"},"content":{"rendered":"<p><!--?xml version=\"1.0\" encoding=\"UTF-8\" standalone=\"no\"?--><\/p>\n<div>\n<h1>Linkit ja yhteisty\u00f6kumppanit<\/h1>\n<ul>\n<li><a href=\"http:\/\/www.yrittajat.fi\/\">Suomen Yritt\u00e4j\u00e4t<\/a><\/li>\n<li><a href=\"http:\/\/www.yrittajat.fi\/etelakarjala\">Etel\u00e4-Karjalan Yritt\u00e4j\u00e4t<\/a><\/li>\n<li><a href=\"http:\/\/www.luumaki.fi\/\">Luum\u00e4en kunta<\/a><\/li>\n<li><a href=\"http:\/\/www.luumaenlehti.fi\/\">Luum\u00e4en Lehti<\/a><\/li>\n<li><a href=\"http:\/\/www.goluumaki.fi\/\">www.goluumaki.fi<\/a><\/li>\n<\/ul>\n<h1>\u00a0<\/h1>\n<\/div>\n\n\n<p><\/p>\n\n\n\n<p><\/p>\n","protected":false},"excerpt":{"rendered":"<p>Linkit ja yhteisty\u00f6kumppanit Suomen Yritt\u00e4j\u00e4t Etel\u00e4-Karjalan Yritt\u00e4j\u00e4t Luum\u00e4en kunta Luum\u00e4en Lehti www.goluumaki.fi \u00a0<\/p>\n","protected":false},"author":2,"featured_media":149,"parent":0,"menu_order":6,"comment_status":"closed","ping_status":"closed","template":"","meta":{"_kad_blocks_custom_css":"","_kad_blocks_head_custom_js":"","_kad_blocks_body_custom_js":"","_kad_blocks_footer_custom_js":"","_kad_post_transparent":"","_kad_post_title":"","_kad_post_layout":"","_kad_post_sidebar_id":"","_kad_post_content_style":"","_kad_post_vertical_padding":"","_kad_post_feature":"","_kad_post_feature_position":"","_kad_post_header":false,"_kad_post_footer":false,"_kad_post_classname":"","footnotes":""},"class_list":["post-13","page","type-page","status-publish","has-post-thumbnail","hentry"],"taxonomy_info":[],"featured_image_src_large":false,"author_info":{"display_name":"hallinta","author_link":"https:\/\/www.luumaenyrittajat.fi\/w\/author\/hallinta\/"},"comment_info":0,"_links":{"self":[{"href":"https:\/\/www.luumaenyrittajat.fi\/w\/wp-json\/wp\/v2\/pages\/13","targetHints":{"allow":["GET"]}}],"collection":[{"href":"https:\/\/www.luumaenyrittajat.fi\/w\/wp-json\/wp\/v2\/pages"}],"about":[{"href":"https:\/\/www.luumaenyrittajat.fi\/w\/wp-json\/wp\/v2\/types\/page"}],"author":[{"embeddable":true,"href":"https:\/\/www.luumaenyrittajat.fi\/w\/wp-json\/wp\/v2\/users\/2"}],"replies":[{"embeddable":true,"href":"https:\/\/www.luumaenyrittajat.fi\/w\/wp-json\/wp\/v2\/comments?post=13"}],"version-history":[{"count":5,"href":"https:\/\/www.luumaenyrittajat.fi\/w\/wp-json\/wp\/v2\/pages\/13\/revisions"}],"predecessor-version":[{"id":458,"href":"https:\/\/www.luumaenyrittajat.fi\/w\/wp-json\/wp\/v2\/pages\/13\/revisions\/458"}],"wp:featuredmedia":[{"embeddable":true,"href":"https:\/\/www.luumaenyrittajat.fi\/w\/wp-json\/"}],"wp:attachment":[{"href":"https:\/\/www.luumaenyrittajat.fi\/w\/wp-json\/wp\/v2\/media?parent=13"}],"curies":[{"name":"wp","href":"https:\/\/api.w.org\/{rel}","templated":true}]}}