{"id":717,"date":"2022-01-20T13:22:11","date_gmt":"2022-01-20T11:22:11","guid":{"rendered":"https:\/\/www.luumaenyrittajat.fi\/w\/?page_id=717"},"modified":"2026-01-13T17:35:32","modified_gmt":"2026-01-13T15:35:32","slug":"etusivu","status":"publish","type":"page","link":"https:\/\/www.luumaenyrittajat.fi\/w\/","title":{"rendered":"Etusivu"},"content":{"rendered":"<style>.kb-row-layout-id717_288461-a0 > .kt-row-column-wrap{align-content:start;}:where(.kb-row-layout-id717_288461-a0 > .kt-row-column-wrap) > .wp-block-kadence-column{justify-content:start;}.kb-row-layout-id717_288461-a0 > .kt-row-column-wrap{column-gap:var(--global-kb-gap-md, 2rem);row-gap:var(--global-kb-gap-md, 2rem);padding-top:var(--global-kb-spacing-sm, 1.5rem);padding-bottom:var(--global-kb-spacing-sm, 1.5rem);grid-template-columns:minmax(0, calc(15% - ((var(--global-kb-gap-md, 2rem) * 1 )\/2)))minmax(0, calc(85% - ((var(--global-kb-gap-md, 2rem) * 1 )\/2)));}.kb-row-layout-id717_288461-a0 > .kt-row-layout-overlay{opacity:0.30;}@media all and (max-width: 1024px){.kb-row-layout-id717_288461-a0 > .kt-row-column-wrap{grid-template-columns:minmax(0, 1fr) minmax(0, 2fr);}}@media all and (max-width: 767px){.kb-row-layout-id717_288461-a0 > .kt-row-column-wrap{grid-template-columns:minmax(0, 1fr);}}<\/style><div class=\"kb-row-layout-wrap kb-row-layout-id717_288461-a0 alignnone wp-block-kadence-rowlayout\"><div class=\"kt-row-column-wrap kt-has-2-columns kt-row-layout-right-golden kt-tab-layout-inherit kt-mobile-layout-row kt-row-valign-top\">\n<style>.kadence-column717_58b55c-ba > .kt-inside-inner-col{border-top-width:0px;border-right-width:0px;border-bottom-width:0px;border-left-width:0px;}.kadence-column717_58b55c-ba > .kt-inside-inner-col,.kadence-column717_58b55c-ba > .kt-inside-inner-col:before{border-top-left-radius:0px;border-top-right-radius:0px;border-bottom-right-radius:0px;border-bottom-left-radius:0px;}.kadence-column717_58b55c-ba > .kt-inside-inner-col{column-gap:var(--global-kb-gap-sm, 1rem);}.kadence-column717_58b55c-ba > .kt-inside-inner-col{flex-direction:column;}.kadence-column717_58b55c-ba > .kt-inside-inner-col > .aligncenter{width:100%;}.kadence-column717_58b55c-ba > .kt-inside-inner-col:before{opacity:0.3;}.kadence-column717_58b55c-ba{position:relative;}@media all and (max-width: 1024px){.kadence-column717_58b55c-ba > .kt-inside-inner-col{flex-direction:column;justify-content:center;}}@media all and (max-width: 767px){.kadence-column717_58b55c-ba > .kt-inside-inner-col{flex-direction:column;justify-content:center;}}<\/style>\n<div class=\"wp-block-kadence-column kadence-column717_58b55c-ba inner-column-1\"><div class=\"kt-inside-inner-col\"><div class=\"wp-block-image\">\n<figure class=\"alignleft size-thumbnail\"><img loading=\"lazy\" decoding=\"async\" width=\"150\" height=\"150\" src=\"https:\/\/www.luumaenyrittajat.fi\/w\/wp-content\/uploads\/2022\/01\/yrittajat-y-logo-150x150.png\" alt=\"\" class=\"wp-image-775\" srcset=\"https:\/\/www.luumaenyrittajat.fi\/w\/wp-content\/uploads\/2022\/01\/yrittajat-y-logo-150x150.png 150w, https:\/\/www.luumaenyrittajat.fi\/w\/wp-content\/uploads\/2022\/01\/yrittajat-y-logo-300x300.png 300w, https:\/\/www.luumaenyrittajat.fi\/w\/wp-content\/uploads\/2022\/01\/yrittajat-y-logo.png 683w\" sizes=\"auto, (max-width: 150px) 100vw, 150px\" \/><\/figure>\n<\/div><\/div><\/div>\n\n\n<style>.kadence-column717_da43e1-b3 > .kt-inside-inner-col{border-top-width:0px;border-right-width:0px;border-bottom-width:0px;border-left-width:0px;}.kadence-column717_da43e1-b3 > .kt-inside-inner-col,.kadence-column717_da43e1-b3 > .kt-inside-inner-col:before{border-top-left-radius:0px;border-top-right-radius:0px;border-bottom-right-radius:0px;border-bottom-left-radius:0px;}.kadence-column717_da43e1-b3 > .kt-inside-inner-col{column-gap:var(--global-kb-gap-sm, 1rem);}.kadence-column717_da43e1-b3 > .kt-inside-inner-col{flex-direction:column;}.kadence-column717_da43e1-b3 > .kt-inside-inner-col > .aligncenter{width:100%;}.kadence-column717_da43e1-b3 > .kt-inside-inner-col:before{opacity:0.3;}.kadence-column717_da43e1-b3{position:relative;}@media all and (max-width: 1024px){.kadence-column717_da43e1-b3 > .kt-inside-inner-col{flex-direction:column;justify-content:center;}}@media all and (max-width: 767px){.kadence-column717_da43e1-b3 > .kt-inside-inner-col{flex-direction:column;justify-content:center;}}<\/style>\n<div class=\"wp-block-kadence-column kadence-column717_da43e1-b3 inner-column-2\"><div class=\"kt-inside-inner-col\"><style>.wp-block-kadence-advancedheading.kt-adv-heading717_71bb6c-6d, .wp-block-kadence-advancedheading.kt-adv-heading717_71bb6c-6d[data-kb-block=\"kb-adv-heading717_71bb6c-6d\"]{font-style:normal;}.wp-block-kadence-advancedheading.kt-adv-heading717_71bb6c-6d mark.kt-highlight, .wp-block-kadence-advancedheading.kt-adv-heading717_71bb6c-6d[data-kb-block=\"kb-adv-heading717_71bb6c-6d\"] mark.kt-highlight{font-style:normal;color:#f76a0c;-webkit-box-decoration-break:clone;box-decoration-break:clone;padding-top:0px;padding-right:0px;padding-bottom:0px;padding-left:0px;}.wp-block-kadence-advancedheading.kt-adv-heading717_71bb6c-6d img.kb-inline-image, .wp-block-kadence-advancedheading.kt-adv-heading717_71bb6c-6d[data-kb-block=\"kb-adv-heading717_71bb6c-6d\"] img.kb-inline-image{width:150px;vertical-align:baseline;}<\/style>\n<h2 class=\"kt-adv-heading717_71bb6c-6d dotted-heading wp-block-kadence-advancedheading\" data-kb-block=\"kb-adv-heading717_71bb6c-6d\">Luum\u00e4en yritt\u00e4j\u00e4yhdistys<\/h2>\n\n\n\n<p>Tervetuloa Luum\u00e4en yritt\u00e4j\u00e4yhdistyksen nettisivuille. Sivuston tarkoitus on jakaa tietoa yritt\u00e4j\u00e4yhdistyksen tapahtumista ja toiminnasta. T\u00e4\u00e4lt\u00e4 l\u00f6yd\u00e4t my\u00f6s hallituksen kokoonpanon ja yhteystiedot. Tavoitteemme on olla helposti l\u00e4hestytt\u00e4viss\u00e4, joten ota reilusti yhteytt\u00e4, jos tulee mieleen kysytt\u00e4v\u00e4\u00e4 tai haluat tiet\u00e4\u00e4 enemm\u00e4n toiminnastamme. Toivotamme my\u00f6s eritt\u00e4in l\u00e4mpim\u00e4sti tervetulleiksi kaikki, jotka haluavat olla osallisina yhdistyksen toiminnassa!<\/p>\n<\/div><\/div>\n\n<\/div><\/div>\n\n\n\n\n\n<style>.kb-row-layout-id717_763e93-46 > .kt-row-column-wrap{align-content:start;}:where(.kb-row-layout-id717_763e93-46 > .kt-row-column-wrap) > .wp-block-kadence-column{justify-content:start;}.kb-row-layout-id717_763e93-46 > .kt-row-column-wrap{column-gap:var(--global-kb-gap-md, 2rem);row-gap:var(--global-kb-gap-md, 2rem);padding-top:var(--global-kb-spacing-sm, 1.5rem);padding-bottom:var(--global-kb-spacing-sm, 1.5rem);grid-template-columns:minmax(0, calc(15% - ((var(--global-kb-gap-md, 2rem) * 1 )\/2)))minmax(0, calc(85% - ((var(--global-kb-gap-md, 2rem) * 1 )\/2)));}.kb-row-layout-id717_763e93-46 > .kt-row-layout-overlay{opacity:0.30;}@media all and (max-width: 1024px){.kb-row-layout-id717_763e93-46 > .kt-row-column-wrap{grid-template-columns:minmax(0, 1fr) minmax(0, 2fr);}}@media all and (max-width: 767px){.kb-row-layout-id717_763e93-46 > .kt-row-column-wrap{grid-template-columns:minmax(0, 1fr);}}<\/style><div class=\"kb-row-layout-wrap kb-row-layout-id717_763e93-46 alignnone wp-block-kadence-rowlayout\"><div class=\"kt-row-column-wrap kt-has-2-columns kt-row-layout-right-golden kt-tab-layout-inherit kt-mobile-layout-row kt-row-valign-top\">\n<style>.kadence-column717_30d71f-4b > .kt-inside-inner-col{border-top-width:0px;border-right-width:0px;border-bottom-width:0px;border-left-width:0px;}.kadence-column717_30d71f-4b > .kt-inside-inner-col,.kadence-column717_30d71f-4b > .kt-inside-inner-col:before{border-top-left-radius:0px;border-top-right-radius:0px;border-bottom-right-radius:0px;border-bottom-left-radius:0px;}.kadence-column717_30d71f-4b > .kt-inside-inner-col{column-gap:var(--global-kb-gap-sm, 1rem);}.kadence-column717_30d71f-4b > .kt-inside-inner-col{flex-direction:column;}.kadence-column717_30d71f-4b > .kt-inside-inner-col > .aligncenter{width:100%;}.kadence-column717_30d71f-4b > .kt-inside-inner-col:before{opacity:0.3;}.kadence-column717_30d71f-4b{position:relative;}@media all and (max-width: 1024px){.kadence-column717_30d71f-4b > .kt-inside-inner-col{flex-direction:column;justify-content:center;}}@media all and (max-width: 767px){.kadence-column717_30d71f-4b > .kt-inside-inner-col{flex-direction:column;justify-content:center;}}<\/style>\n<div class=\"wp-block-kadence-column kadence-column717_30d71f-4b inner-column-1\"><div class=\"kt-inside-inner-col\"><div class=\"wp-block-image\">\n<figure class=\"alignleft size-thumbnail\"><img loading=\"lazy\" decoding=\"async\" width=\"150\" height=\"150\" src=\"https:\/\/www.luumaenyrittajat.fi\/w\/wp-content\/uploads\/2022\/01\/ikoni-peukku-150x150.png\" alt=\"\" class=\"wp-image-810\" srcset=\"https:\/\/www.luumaenyrittajat.fi\/w\/wp-content\/uploads\/2022\/01\/ikoni-peukku-150x150.png 150w, https:\/\/www.luumaenyrittajat.fi\/w\/wp-content\/uploads\/2022\/01\/ikoni-peukku-300x300.png 300w, https:\/\/www.luumaenyrittajat.fi\/w\/wp-content\/uploads\/2022\/01\/ikoni-peukku.png 420w\" sizes=\"auto, (max-width: 150px) 100vw, 150px\" \/><\/figure>\n<\/div><\/div><\/div>\n\n\n<style>.kadence-column717_789f04-b4 > .kt-inside-inner-col{border-top-width:0px;border-right-width:0px;border-bottom-width:0px;border-left-width:0px;}.kadence-column717_789f04-b4 > .kt-inside-inner-col,.kadence-column717_789f04-b4 > .kt-inside-inner-col:before{border-top-left-radius:0px;border-top-right-radius:0px;border-bottom-right-radius:0px;border-bottom-left-radius:0px;}.kadence-column717_789f04-b4 > .kt-inside-inner-col{column-gap:var(--global-kb-gap-sm, 1rem);}.kadence-column717_789f04-b4 > .kt-inside-inner-col{flex-direction:column;}.kadence-column717_789f04-b4 > .kt-inside-inner-col > .aligncenter{width:100%;}.kadence-column717_789f04-b4 > .kt-inside-inner-col:before{opacity:0.3;}.kadence-column717_789f04-b4{position:relative;}@media all and (max-width: 1024px){.kadence-column717_789f04-b4 > .kt-inside-inner-col{flex-direction:column;justify-content:center;}}@media all and (max-width: 767px){.kadence-column717_789f04-b4 > .kt-inside-inner-col{flex-direction:column;justify-content:center;}}<\/style>\n<div class=\"wp-block-kadence-column kadence-column717_789f04-b4 inner-column-2\"><div class=\"kt-inside-inner-col\"><style>.wp-block-kadence-advancedheading.kt-adv-heading717_7bb1b4-3c, .wp-block-kadence-advancedheading.kt-adv-heading717_7bb1b4-3c[data-kb-block=\"kb-adv-heading717_7bb1b4-3c\"]{font-style:normal;}.wp-block-kadence-advancedheading.kt-adv-heading717_7bb1b4-3c mark.kt-highlight, .wp-block-kadence-advancedheading.kt-adv-heading717_7bb1b4-3c[data-kb-block=\"kb-adv-heading717_7bb1b4-3c\"] mark.kt-highlight{font-style:normal;color:#f76a0c;-webkit-box-decoration-break:clone;box-decoration-break:clone;padding-top:0px;padding-right:0px;padding-bottom:0px;padding-left:0px;}.wp-block-kadence-advancedheading.kt-adv-heading717_7bb1b4-3c img.kb-inline-image, .wp-block-kadence-advancedheading.kt-adv-heading717_7bb1b4-3c[data-kb-block=\"kb-adv-heading717_7bb1b4-3c\"] img.kb-inline-image{width:150px;vertical-align:baseline;}<\/style>\n<h2 class=\"kt-adv-heading717_7bb1b4-3c dotted-heading wp-block-kadence-advancedheading\" data-kb-block=\"kb-adv-heading717_7bb1b4-3c\"><strong>Seuraa yritt\u00e4j\u00e4yhdistyksen sosiaalista mediaa<\/strong><\/h2>\n\n\n\n<p>Seuraa Luum\u00e4en Yritt\u00e4ji\u00e4 Facebookissa. Uutiset ja ajankohtaiset asiat jaetaan my\u00f6s yhdistyksen Facebook-sivulla.<\/p>\n\n\n<style>.wp-block-kadence-advancedbtn.kb-btns717_f78344-af{gap:var(--global-kb-gap-xs, 0.5rem );justify-content:flex-start;align-items:center;}.kt-btns717_f78344-af .kt-button{font-weight:normal;font-style:normal;}<\/style>\n<div class=\"wp-block-kadence-advancedbtn kb-buttons-wrap kb-btns717_f78344-af\"><style>ul.menu .wp-block-kadence-advancedbtn .kb-btn717_d89234-7a.kb-button{width:initial;}.wp-block-kadence-advancedbtn .kb-btn717_d89234-7a.kb-button{color:#555555;border-top-color:#555555;border-top-style:solid;border-right-color:#555555;border-right-style:solid;border-bottom-color:#555555;border-bottom-style:solid;border-left-color:#555555;border-left-style:solid;}.wp-block-kadence-advancedbtn .kb-btn717_d89234-7a.kb-button:hover, .wp-block-kadence-advancedbtn .kb-btn717_d89234-7a.kb-button:focus{color:#ffffff;background:#444444;border-top-color:#444444;border-top-style:solid;border-right-color:#444444;border-right-style:solid;border-bottom-color:#444444;border-bottom-style:solid;border-left-color:#444444;border-left-style:solid;}@media all and (max-width: 1024px){.wp-block-kadence-advancedbtn .kb-btn717_d89234-7a.kb-button{border-top-color:#555555;border-top-style:solid;border-right-color:#555555;border-right-style:solid;border-bottom-color:#555555;border-bottom-style:solid;border-left-color:#555555;border-left-style:solid;}}@media all and (max-width: 1024px){.wp-block-kadence-advancedbtn .kb-btn717_d89234-7a.kb-button:hover, .wp-block-kadence-advancedbtn .kb-btn717_d89234-7a.kb-button:focus{border-top-color:#444444;border-top-style:solid;border-right-color:#444444;border-right-style:solid;border-bottom-color:#444444;border-bottom-style:solid;border-left-color:#444444;border-left-style:solid;}}@media all and (max-width: 767px){.wp-block-kadence-advancedbtn .kb-btn717_d89234-7a.kb-button{border-top-color:#555555;border-top-style:solid;border-right-color:#555555;border-right-style:solid;border-bottom-color:#555555;border-bottom-style:solid;border-left-color:#555555;border-left-style:solid;}.wp-block-kadence-advancedbtn .kb-btn717_d89234-7a.kb-button:hover, .wp-block-kadence-advancedbtn .kb-btn717_d89234-7a.kb-button:focus{border-top-color:#444444;border-top-style:solid;border-right-color:#444444;border-right-style:solid;border-bottom-color:#444444;border-bottom-style:solid;border-left-color:#444444;border-left-style:solid;}}<\/style><a class=\"kb-button kt-button button kb-btn717_d89234-7a kt-btn-size-standard kt-btn-width-type-auto kb-btn-global-outline  kt-btn-has-text-true kt-btn-has-svg-false  wp-block-kadence-singlebtn\" href=\"https:\/\/www.facebook.com\/luumaenyrittajat\" target=\"_blank\" rel=\"noreferrer noopener\"><span class=\"kt-btn-inner-text\">Facebookiin <\/span><\/a><\/div>\n\n\n\n<p><\/p>\n<\/div><\/div>\n\n<\/div><\/div>","protected":false},"excerpt":{"rendered":"<p>Luum\u00e4en yritt\u00e4j\u00e4yhdistys Tervetuloa Luum\u00e4en yritt\u00e4j\u00e4yhdistyksen nettisivuille. Sivuston tarkoitus on jakaa tietoa yritt\u00e4j\u00e4yhdistyksen tapahtumista ja toiminnasta. T\u00e4\u00e4lt\u00e4 l\u00f6yd\u00e4t my\u00f6s hallituksen kokoonpanon ja yhteystiedot. Tavoitteemme on olla helposti l\u00e4hestytt\u00e4viss\u00e4, joten ota reilusti yhteytt\u00e4, jos tulee mieleen kysytt\u00e4v\u00e4\u00e4 tai haluat tiet\u00e4\u00e4 enemm\u00e4n toiminnastamme. Toivotamme my\u00f6s eritt\u00e4in l\u00e4mpim\u00e4sti tervetulleiksi kaikki, jotka haluavat olla osallisina yhdistyksen toiminnassa! Luum\u00e4en s\u00e4hk\u00f6inen palveluhakemisto&#8230;<\/p>\n","protected":false},"author":3,"featured_media":149,"parent":0,"menu_order":1,"comment_status":"closed","ping_status":"closed","template":"","meta":{"_kad_blocks_custom_css":"","_kad_blocks_head_custom_js":"","_kad_blocks_body_custom_js":"","_kad_blocks_footer_custom_js":"","_kad_post_transparent":"","_kad_post_title":"","_kad_post_layout":"","_kad_post_sidebar_id":"","_kad_post_content_style":"unboxed","_kad_post_vertical_padding":"","_kad_post_feature":"hide","_kad_post_feature_position":"","_kad_post_header":false,"_kad_post_footer":false,"_kad_post_classname":"","footnotes":""},"class_list":["post-717","page","type-page","status-publish","has-post-thumbnail","hentry"],"taxonomy_info":[],"featured_image_src_large":false,"author_info":{"display_name":"atadone","author_link":"https:\/\/www.luumaenyrittajat.fi\/w\/author\/atadone\/"},"comment_info":0,"_links":{"self":[{"href":"https:\/\/www.luumaenyrittajat.fi\/w\/wp-json\/wp\/v2\/pages\/717","targetHints":{"allow":["GET"]}}],"collection":[{"href":"https:\/\/www.luumaenyrittajat.fi\/w\/wp-json\/wp\/v2\/pages"}],"about":[{"href":"https:\/\/www.luumaenyrittajat.fi\/w\/wp-json\/wp\/v2\/types\/page"}],"author":[{"embeddable":true,"href":"https:\/\/www.luumaenyrittajat.fi\/w\/wp-json\/wp\/v2\/users\/3"}],"replies":[{"embeddable":true,"href":"https:\/\/www.luumaenyrittajat.fi\/w\/wp-json\/wp\/v2\/comments?post=717"}],"version-history":[{"count":24,"href":"https:\/\/www.luumaenyrittajat.fi\/w\/wp-json\/wp\/v2\/pages\/717\/revisions"}],"predecessor-version":[{"id":1012,"href":"https:\/\/www.luumaenyrittajat.fi\/w\/wp-json\/wp\/v2\/pages\/717\/revisions\/1012"}],"wp:featuredmedia":[{"embeddable":true,"href":"https:\/\/www.luumaenyrittajat.fi\/w\/wp-json\/"}],"wp:attachment":[{"href":"https:\/\/www.luumaenyrittajat.fi\/w\/wp-json\/wp\/v2\/media?parent=717"}],"curies":[{"name":"wp","href":"https:\/\/api.w.org\/{rel}","templated":true}]}}